{"id":19,"date":"2021-11-22T20:16:31","date_gmt":"2021-11-22T23:16:31","guid":{"rendered":"https:\/\/tecknow.online\/?page_id=19"},"modified":"2021-11-22T20:16:31","modified_gmt":"2021-11-22T23:16:31","slug":"sobre","status":"publish","type":"page","link":"https:\/\/gamesetech.online\/index.php\/sobre\/","title":{"rendered":"Sobre"},"content":{"rendered":"\n<p>Informa\u00e7\u00f5es e tudo sobre tecnologia? Voc\u00ea chegou no lugar certo, aqui voc\u00ea conhecer\u00e1 diariamente coisas que voc\u00ea nunca imaginou e ficar\u00e1 ciente de tudo que acontece no mundo tecnol\u00f3gico. Fique a vontade e fique a vontade.<\/p>\n","protected":false},"excerpt":{"rendered":"<p>Informa\u00e7\u00f5es e tudo sobre tecnologia? Voc\u00ea chegou no lugar certo, aqui voc\u00ea conhecer\u00e1 diariamente coisas que voc\u00ea nunca imaginou e<\/p>\n","protected":false},"author":1,"featured_media":0,"parent":0,"menu_order":0,"comment_status":"closed","ping_status":"closed","template":"","meta":{"colormag_page_container_layout":"default_layout","colormag_page_sidebar_layout":"default_layout","footnotes":""},"class_list":["post-19","page","type-page","status-publish","hentry"],"aioseo_notices":[],"_links":{"self":[{"href":"https:\/\/gamesetech.online\/index.php\/wp-json\/wp\/v2\/pages\/19","targetHints":{"allow":["GET"]}}],"collection":[{"href":"https:\/\/gamesetech.online\/index.php\/wp-json\/wp\/v2\/pages"}],"about":[{"href":"https:\/\/gamesetech.online\/index.php\/wp-json\/wp\/v2\/types\/page"}],"author":[{"embeddable":true,"href":"https:\/\/gamesetech.online\/index.php\/wp-json\/wp\/v2\/users\/1"}],"replies":[{"embeddable":true,"href":"https:\/\/gamesetech.online\/index.php\/wp-json\/wp\/v2\/comments?post=19"}],"version-history":[{"count":0,"href":"https:\/\/gamesetech.online\/index.php\/wp-json\/wp\/v2\/pages\/19\/revisions"}],"wp:attachment":[{"href":"https:\/\/gamesetech.online\/index.php\/wp-json\/wp\/v2\/media?parent=19"}],"curies":[{"name":"wp","href":"https:\/\/api.w.org\/{rel}","templated":true}]}}